{"id":105,"date":"2024-01-22T21:17:01","date_gmt":"2024-01-22T21:17:01","guid":{"rendered":"https:\/\/art-in-society.ffzg.unizg.hr\/?page_id=105"},"modified":"2024-01-22T22:21:41","modified_gmt":"2024-01-22T22:21:41","slug":"silvija-lucevnjak","status":"publish","type":"page","link":"https:\/\/art-in-society.ffzg.unizg.hr\/?page_id=105","title":{"rendered":"Silvija Lu\u010devnjak"},"content":{"rendered":"\n<p><\/p>\n\n\n\n<div class=\"wp-block-columns is-layout-flex wp-container-core-columns-is-layout-28f84493 wp-block-columns-is-layout-flex\">\n<div class=\"wp-block-column has-large-font-size is-layout-flow wp-block-column-is-layout-flow\" style=\"padding-top:var(--wp--preset--spacing--30);padding-bottom:var(--wp--preset--spacing--30);flex-basis:33.33%\">\n<figure class=\"wp-block-image aligncenter size-full is-resized has-custom-border\"><img loading=\"lazy\" decoding=\"async\" width=\"299\" height=\"369\" src=\"https:\/\/art-in-society.ffzg.unizg.hr\/wp-content\/uploads\/2024\/01\/Lucevnjak-3.jpg\" alt=\"\" class=\"wp-image-1324\" style=\"border-radius:5px;width:234px;height:auto\" srcset=\"https:\/\/art-in-society.ffzg.unizg.hr\/wp-content\/uploads\/2024\/01\/Lucevnjak-3.jpg 299w, https:\/\/art-in-society.ffzg.unizg.hr\/wp-content\/uploads\/2024\/01\/Lucevnjak-3-243x300.jpg 243w\" sizes=\"auto, (max-width: 299px) 100vw, 299px\" \/><\/figure>\n<\/div>\n\n\n\n<div class=\"wp-block-column has-large-font-size is-layout-flow wp-block-column-is-layout-flow\" style=\"padding-top:var(--wp--preset--spacing--30);padding-bottom:var(--wp--preset--spacing--30);flex-basis:66.66%\">\n<p><\/p>\n\n\n\n<h2 class=\"wp-block-heading\" style=\"font-size:clamp(0.984rem, 0.984rem + ((1vw - 0.2rem) * 0.938), 1.5rem);\">Silvija Lu\u010devnjak<\/h2>\n\n\n\n<p class=\"has-medium-font-size\" style=\"margin-top:0;margin-right:0;margin-bottom:0;margin-left:0\"><br>curator and director<a href=\"https:\/\/unios.academia.edu\/JasminkaNajcerSabljak\" data-type=\"link\" data-id=\"https:\/\/unios.academia.edu\/JasminkaNajcerSabljak\" target=\"_blank\" rel=\"noreferrer noopener\"><br><\/a><a href=\"https:\/\/www.zmn.hr\/\" data-type=\"link\" data-id=\"https:\/\/www.zmn.hr\/\" target=\"_blank\" rel=\"noreferrer noopener\">Na\u0161ice Local History Museum<\/a><br><br><a href=\"mailto:silvija@zmn.hr\" target=\"_blank\" rel=\"noreferrer noopener\">silvija@zmn.hr<\/a> <\/p>\n<\/div>\n<\/div>\n\n\n\n<p>After finishing primary and secondary school in Na\u0161ice, she studied and graduated at the Faculty of Philosophy in Zagreb (study groups comparative literature \/ history of art \/ library science). After completing her studies, she worked at the Isidora Kr\u0161njavog High School as a librarian and art teacher (from 1991 to 1999). In March 1999, she moved to the position of director and curator at the Na\u0161ice Local History Museum, where she works to this day.<\/p>\n\n\n\n<p>She organized and set up a number of exhibitions and wrote numerous texts in exhibition catalogs and other publications of the Museum, as well as other publishers. She published a number of professional works in periodicals and anthologies and edited several editions. She is a member of the Croatian Museum Society, the Croatian Librarian Society &#8211; the Society of Librarians of Slavonia and Baranja, and the Society of Croatian Art Historians. From 2009 to 2012, she was a member of the Executive Board of the Croatian Museum Society in Zagreb, from 2016 to 2018, a member of the Executive Board of the Museum Association of Eastern Croatia. She is the president and a long-term member of the Matica Hrvatska Branch in Na\u0161ice and a member of the Croatian Historian Association in Na\u0161ice.<\/p>\n\n\n\n<p>For her achievements in her work, she was awarded the annual Culture Award of the Osijek-Baranja County in 2001 and 2014, the winner of the &#8220;Radovan Ivan\u010devi\u0107&#8221; Charter of the Society of Croatian Art Historians for the Advancement and Promotion of Art History (2014) and the annual award of the Croatian Museum Society (2014). .) for work in the museum profession, i.e. co-authorship of the exhibition and catalog &#8220;Art heritage of the Peja\u010devi\u0107 family&#8221;.<\/p>\n\n\n\n<p>In October 2018, she was an expert associate on the development of the Museological concept &#8211; the new museum space of the Na\u0161ice Local Museum in the area of the Peja\u010devi\u0107 \u2013 Big Manor in Na\u0161ice, which was carried out by the company NFO d.o.o. from Zagreb. This study was positively evaluated at the presentation at the Ministry of Culture of the Republic of Croatia, and the renovation of the Peja\u010devi\u0107 Manore is currently being carried out based on it.<\/p>\n\n\n\n<p>She is a collaborator on the HRZZ scientific project <em>Representation, development, education, participation &#8211; art in society from the 19th to the 21st century<\/em>, from 2023 to 2027.<\/p>\n\n\n\n<p>She was also a collaborator on HRZZ projects: <em>Croatia and Central Europe: Art and Politics in the Modern Period (1780-1945)<\/em> from 2013 to 2017, then <em>Art and the State in Croatia from the Enlightenment to Today<\/em> from 2018 to 2022.<\/p>\n","protected":false},"excerpt":{"rendered":"<p>Silvija Lu\u010devnjak curator and directorNa\u0161ice Local History Museum silvija@zmn.hr After finishing primary and secondary school in Na\u0161ice, she studied and graduated at the Faculty of Philosophy in Zagreb (study groups comparative literature \/ history of art \/ library science). After completing her studies, she worked at the Isidora Kr\u0161njavog High School as a librarian and [&hellip;]<\/p>\n","protected":false},"author":1,"featured_media":0,"parent":0,"menu_order":0,"comment_status":"closed","ping_status":"closed","template":"page-no-title","meta":{"footnotes":""},"class_list":["post-105","page","type-page","status-publish","hentry"],"jetpack_sharing_enabled":true,"_links":{"self":[{"href":"https:\/\/art-in-society.ffzg.unizg.hr\/index.php?rest_route=\/wp\/v2\/pages\/105","targetHints":{"allow":["GET"]}}],"collection":[{"href":"https:\/\/art-in-society.ffzg.unizg.hr\/index.php?rest_route=\/wp\/v2\/pages"}],"about":[{"href":"https:\/\/art-in-society.ffzg.unizg.hr\/index.php?rest_route=\/wp\/v2\/types\/page"}],"author":[{"embeddable":true,"href":"https:\/\/art-in-society.ffzg.unizg.hr\/index.php?rest_route=\/wp\/v2\/users\/1"}],"replies":[{"embeddable":true,"href":"https:\/\/art-in-society.ffzg.unizg.hr\/index.php?rest_route=%2Fwp%2Fv2%2Fcomments&post=105"}],"version-history":[{"count":19,"href":"https:\/\/art-in-society.ffzg.unizg.hr\/index.php?rest_route=\/wp\/v2\/pages\/105\/revisions"}],"predecessor-version":[{"id":1767,"href":"https:\/\/art-in-society.ffzg.unizg.hr\/index.php?rest_route=\/wp\/v2\/pages\/105\/revisions\/1767"}],"wp:attachment":[{"href":"https:\/\/art-in-society.ffzg.unizg.hr\/index.php?rest_route=%2Fwp%2Fv2%2Fmedia&parent=105"}],"curies":[{"name":"wp","href":"https:\/\/api.w.org\/{rel}","templated":true}]}}