{"id":2847,"date":"2025-12-18T14:41:07","date_gmt":"2025-12-18T14:41:07","guid":{"rendered":"https:\/\/art-in-society.ffzg.unizg.hr\/?page_id=2847"},"modified":"2025-12-18T14:51:37","modified_gmt":"2025-12-18T14:51:37","slug":"2847-2","status":"publish","type":"page","link":"https:\/\/art-in-society.ffzg.unizg.hr\/?page_id=2847","title":{"rendered":""},"content":{"rendered":"\n<p><strong>EXIBITIONS<\/strong><\/p>\n\n\n\n<p><\/p>\n\n\n\n<div class=\"wp-block-group skeleton-fse-section2 has-background-background-color has-background has-global-padding is-layout-constrained wp-container-core-group-is-layout-5f3c2ed1 wp-block-group-is-layout-constrained\" style=\"margin-top:0;margin-bottom:0;padding-top:0px;padding-right:58px;padding-bottom:0px;padding-left:58px\">\n<div class=\"wp-block-columns is-layout-flex wp-container-core-columns-is-layout-62df6f25 wp-block-columns-is-layout-flex\" style=\"border-bottom-color:var(--wp--preset--color--foreground);border-bottom-width:1px;padding-top:60px;padding-bottom:80px\">\n<div class=\"wp-block-column is-layout-flow wp-block-column-is-layout-flow\" style=\"flex-basis:55%\">\n<p class=\"has-text-align-right has-magra-font-family\" style=\"font-size:clamp(0.875rem, 0.875rem + ((1vw - 0.2rem) * 0.591), 1.2rem);\">Exhibition: <em>1100 years of the Croatian Kingdom<\/em>, Zagreb,  Galerija Klovi\u0107evi dvori, October 2025 \u2013February 2026 \u2013 Dragan Damjanovi\u0107<br><\/p>\n\n\n\n<p class=\"has-text-align-right\" style=\"font-size:clamp(0.875rem, 0.875rem + ((1vw - 0.2rem) * 0.227), 1rem);\">Dragan Damjanovi\u0107 participated in the exhibition 1100 years of the Croatian Kingdom, which is being held at the Klovi\u0107evi dvori Gallery in Zagreb with the text on how the heritage of the early Middle Ages influenced the search for a national style in Croatian architecture and two catalogue entries.<\/p>\n\n\n\n<div class=\"wp-block-buttons is-content-justification-right is-layout-flex wp-container-core-buttons-is-layout-d445cf74 wp-block-buttons-is-layout-flex\">\n<div class=\"wp-block-button\"><a class=\"wp-block-button__link wp-element-button\" href=\"https:\/\/gkd.hr\/izlozba\/u-pocetku-bijase-kraljevstvo-izlozba-povodom-1100-godina-hrvatskoga-kraljevstva\/\">More info<\/a><\/div>\n<\/div>\n<\/div>\n\n\n\n<div class=\"wp-block-column is-layout-flow wp-block-column-is-layout-flow\" style=\"flex-basis:40%\">\n<figure class=\"wp-block-image size-full is-style-rounded is-style-rounded--1\"><img loading=\"lazy\" decoding=\"async\" width=\"847\" height=\"663\" src=\"https:\/\/art-in-society.ffzg.unizg.hr\/wp-content\/uploads\/2025\/12\/Picture15-1.png\" alt=\"\" class=\"wp-image-2855\" srcset=\"https:\/\/art-in-society.ffzg.unizg.hr\/wp-content\/uploads\/2025\/12\/Picture15-1.png 847w, https:\/\/art-in-society.ffzg.unizg.hr\/wp-content\/uploads\/2025\/12\/Picture15-1-300x235.png 300w, https:\/\/art-in-society.ffzg.unizg.hr\/wp-content\/uploads\/2025\/12\/Picture15-1-768x601.png 768w\" sizes=\"auto, (max-width: 847px) 100vw, 847px\" \/><\/figure>\n<\/div>\n\n\n\n<div class=\"wp-block-column is-layout-flow wp-block-column-is-layout-flow\" style=\"flex-basis:5%\"><\/div>\n<\/div>\n\n\n\n<p><\/p>\n<\/div>\n","protected":false},"excerpt":{"rendered":"<p>EXIBITIONS Exhibition: 1100 years of the Croatian Kingdom, Zagreb, Galerija Klovi\u0107evi dvori, October 2025 \u2013February 2026 \u2013 Dragan Damjanovi\u0107 Dragan Damjanovi\u0107 participated in the exhibition 1100 years of the Croatian Kingdom, which is being held at the Klovi\u0107evi dvori Gallery in Zagreb with the text on how the heritage of the early Middle Ages influenced [&hellip;]<\/p>\n","protected":false},"author":1,"featured_media":0,"parent":0,"menu_order":0,"comment_status":"closed","ping_status":"closed","template":"","meta":{"footnotes":""},"class_list":["post-2847","page","type-page","status-publish","hentry"],"jetpack_sharing_enabled":true,"_links":{"self":[{"href":"https:\/\/art-in-society.ffzg.unizg.hr\/index.php?rest_route=\/wp\/v2\/pages\/2847","targetHints":{"allow":["GET"]}}],"collection":[{"href":"https:\/\/art-in-society.ffzg.unizg.hr\/index.php?rest_route=\/wp\/v2\/pages"}],"about":[{"href":"https:\/\/art-in-society.ffzg.unizg.hr\/index.php?rest_route=\/wp\/v2\/types\/page"}],"author":[{"embeddable":true,"href":"https:\/\/art-in-society.ffzg.unizg.hr\/index.php?rest_route=\/wp\/v2\/users\/1"}],"replies":[{"embeddable":true,"href":"https:\/\/art-in-society.ffzg.unizg.hr\/index.php?rest_route=%2Fwp%2Fv2%2Fcomments&post=2847"}],"version-history":[{"count":3,"href":"https:\/\/art-in-society.ffzg.unizg.hr\/index.php?rest_route=\/wp\/v2\/pages\/2847\/revisions"}],"predecessor-version":[{"id":2856,"href":"https:\/\/art-in-society.ffzg.unizg.hr\/index.php?rest_route=\/wp\/v2\/pages\/2847\/revisions\/2856"}],"wp:attachment":[{"href":"https:\/\/art-in-society.ffzg.unizg.hr\/index.php?rest_route=%2Fwp%2Fv2%2Fmedia&parent=2847"}],"curies":[{"name":"wp","href":"https:\/\/api.w.org\/{rel}","templated":true}]}}