{"id":915,"date":"2024-01-22T21:04:51","date_gmt":"2024-01-22T21:04:51","guid":{"rendered":"https:\/\/art-in-society.ffzg.unizg.hr\/?page_id=915"},"modified":"2026-02-11T14:43:52","modified_gmt":"2026-02-11T14:43:52","slug":"24-project-team","status":"publish","type":"page","link":"https:\/\/art-in-society.ffzg.unizg.hr\/?page_id=915","title":{"rendered":"PROJECT TEAM"},"content":{"rendered":"\n<p><\/p>\n\n\n\n<p><\/p>\n\n\n\n<div class=\"wp-block-columns is-layout-flex wp-container-core-columns-is-layout-28f84493 wp-block-columns-is-layout-flex\">\n<div class=\"wp-block-column is-layout-flow wp-block-column-is-layout-flow\"><\/div>\n<\/div>\n\n\n\n<h2 class=\"wp-block-heading has-large-font-size\">PROJECT TEAM<\/h2>\n\n\n\n<div class=\"wp-block-group alignfull has-large-font-size has-global-padding is-content-justification-center is-layout-constrained wp-container-core-group-is-layout-07713731 wp-block-group-is-layout-constrained wp-container-18 is-position-sticky\" style=\"margin-top:0;margin-bottom:0;padding-top:var(--wp--preset--spacing--50);padding-right:var(--wp--preset--spacing--50);padding-bottom:var(--wp--preset--spacing--50);padding-left:var(--wp--preset--spacing--50)\">\n<div class=\"wp-block-columns alignwide is-layout-flex wp-container-core-columns-is-layout-4935966c wp-block-columns-is-layout-flex\" style=\"padding-right:0;padding-left:0\">\n<div class=\"wp-block-column is-layout-flow wp-block-column-is-layout-flow\">\n<figure class=\"wp-block-image aligncenter size-full is-resized has-custom-border is-style-rounded is-style-rounded--1\"><a href=\"https:\/\/art-in-society.ffzg.unizg.hr\/?page_id=977\"><img loading=\"lazy\" decoding=\"async\" width=\"2285\" height=\"2560\" src=\"https:\/\/art-in-society.ffzg.unizg.hr\/wp-content\/uploads\/2024\/01\/JKL03000-nnnn-scaled.jpg\" alt=\"\" class=\"wp-image-2290\" style=\"border-style:none;border-width:0px;border-radius:7px;aspect-ratio:1;object-fit:cover;width:160px\" srcset=\"https:\/\/art-in-society.ffzg.unizg.hr\/wp-content\/uploads\/2024\/01\/JKL03000-nnnn-scaled.jpg 2285w, https:\/\/art-in-society.ffzg.unizg.hr\/wp-content\/uploads\/2024\/01\/JKL03000-nnnn-268x300.jpg 268w, https:\/\/art-in-society.ffzg.unizg.hr\/wp-content\/uploads\/2024\/01\/JKL03000-nnnn-914x1024.jpg 914w, https:\/\/art-in-society.ffzg.unizg.hr\/wp-content\/uploads\/2024\/01\/JKL03000-nnnn-768x860.jpg 768w, https:\/\/art-in-society.ffzg.unizg.hr\/wp-content\/uploads\/2024\/01\/JKL03000-nnnn-1371x1536.jpg 1371w, https:\/\/art-in-society.ffzg.unizg.hr\/wp-content\/uploads\/2024\/01\/JKL03000-nnnn-1828x2048.jpg 1828w\" sizes=\"auto, (max-width: 2285px) 100vw, 2285px\" \/><\/a><\/figure>\n\n\n\n<div class=\"wp-block-group is-vertical is-content-justification-center is-nowrap is-layout-flex wp-container-core-group-is-layout-21d4e958 wp-block-group-is-layout-flex\">\n<p class=\"has-text-align-center has-small-font-size\"> <strong>Dragan Damjanovi\u0107<\/strong> <\/p>\n\n\n\n<p class=\"has-text-align-center\" style=\"font-size:0.8rem\">principal investigator<br>Faculty of Humanities and Social Sciences, Zagreb<\/p>\n<\/div>\n<\/div>\n\n\n\n<div class=\"wp-block-column is-layout-flow wp-block-column-is-layout-flow\">\n<figure class=\"wp-block-image aligncenter size-full is-resized has-custom-border is-style-rounded is-style-rounded--2\"><a href=\"https:\/\/art-in-society.ffzg.unizg.hr\/?page_id=218\"><img loading=\"lazy\" decoding=\"async\" width=\"1049\" height=\"1053\" src=\"https:\/\/art-in-society.ffzg.unizg.hr\/wp-content\/uploads\/2024\/01\/Alviz-foto-obrada3.jpg\" alt=\"\" class=\"wp-image-2280\" style=\"border-style:none;border-width:0px;border-radius:7px;aspect-ratio:1;object-fit:cover;width:160px\" srcset=\"https:\/\/art-in-society.ffzg.unizg.hr\/wp-content\/uploads\/2024\/01\/Alviz-foto-obrada3.jpg 1049w, https:\/\/art-in-society.ffzg.unizg.hr\/wp-content\/uploads\/2024\/01\/Alviz-foto-obrada3-300x300.jpg 300w, https:\/\/art-in-society.ffzg.unizg.hr\/wp-content\/uploads\/2024\/01\/Alviz-foto-obrada3-1020x1024.jpg 1020w, https:\/\/art-in-society.ffzg.unizg.hr\/wp-content\/uploads\/2024\/01\/Alviz-foto-obrada3-150x150.jpg 150w, https:\/\/art-in-society.ffzg.unizg.hr\/wp-content\/uploads\/2024\/01\/Alviz-foto-obrada3-768x771.jpg 768w\" sizes=\"auto, (max-width: 1049px) 100vw, 1049px\" \/><\/a><\/figure>\n\n\n\n<div class=\"wp-block-group is-vertical is-content-justification-center is-nowrap is-layout-flex wp-container-core-group-is-layout-63bfd6c1 wp-block-group-is-layout-flex\">\n<p class=\"has-text-align-center has-small-font-size\"> <strong>Josipa Alvi\u017e<\/strong> <\/p>\n\n\n\n<p class=\"has-text-align-center\" style=\"font-size:0.8rem\">Faculty of Humanities and Social Sciences, Zagreb<\/p>\n<\/div>\n<\/div>\n\n\n\n<div class=\"wp-block-column is-layout-flow wp-block-column-is-layout-flow\">\n<figure class=\"wp-block-image aligncenter size-full is-resized has-custom-border is-style-rounded is-style-rounded--3\"><a href=\"https:\/\/art-in-society.ffzg.unizg.hr\/?page_id=251\"><img loading=\"lazy\" decoding=\"async\" width=\"474\" height=\"464\" src=\"https:\/\/art-in-society.ffzg.unizg.hr\/wp-content\/uploads\/2024\/01\/siva.jpg\" alt=\"\" class=\"wp-image-2229\" style=\"border-radius:7px;aspect-ratio:1;object-fit:cover;width:160px\" srcset=\"https:\/\/art-in-society.ffzg.unizg.hr\/wp-content\/uploads\/2024\/01\/siva.jpg 474w, https:\/\/art-in-society.ffzg.unizg.hr\/wp-content\/uploads\/2024\/01\/siva-300x294.jpg 300w\" sizes=\"auto, (max-width: 474px) 100vw, 474px\" \/><\/a><\/figure>\n\n\n\n<div class=\"wp-block-group is-vertical is-content-justification-center is-nowrap is-layout-flex wp-container-core-group-is-layout-63bfd6c1 wp-block-group-is-layout-flex\">\n<p class=\"has-text-align-center has-small-font-size\"> <strong>Lidija Butkovi\u0107 Mi\u0107in<\/strong><\/p>\n\n\n\n<p class=\"has-text-align-center\" style=\"font-size:0.8rem\">Department of Art History, University of Zadar<\/p>\n<\/div>\n<\/div>\n\n\n\n<div class=\"wp-block-column is-layout-flow wp-block-column-is-layout-flow\">\n<figure class=\"wp-block-image aligncenter size-full is-resized has-custom-border is-style-rounded is-style-rounded--4\"><a href=\"https:\/\/art-in-society.ffzg.unizg.hr\/?page_id=1367\"><img loading=\"lazy\" decoding=\"async\" width=\"474\" height=\"464\" src=\"https:\/\/art-in-society.ffzg.unizg.hr\/wp-content\/uploads\/2024\/01\/siva.jpg\" alt=\"\" class=\"wp-image-2229\" style=\"border-radius:7px;aspect-ratio:1;object-fit:cover;width:160px\" srcset=\"https:\/\/art-in-society.ffzg.unizg.hr\/wp-content\/uploads\/2024\/01\/siva.jpg 474w, https:\/\/art-in-society.ffzg.unizg.hr\/wp-content\/uploads\/2024\/01\/siva-300x294.jpg 300w\" sizes=\"auto, (max-width: 474px) 100vw, 474px\" \/><\/a><\/figure>\n\n\n\n<div class=\"wp-block-group is-vertical is-content-justification-center is-nowrap is-layout-flex wp-container-core-group-is-layout-21d4e958 wp-block-group-is-layout-flex\">\n<p class=\"has-text-align-center has-small-font-size\"> <strong>Ivan Kokeza<\/strong> <\/p>\n\n\n\n<p class=\"has-text-align-center\" style=\"font-size:0.8rem\">Croatian History Museum, Zagreb<\/p>\n<\/div>\n<\/div>\n\n\n\n<div class=\"wp-block-column is-layout-flow wp-block-column-is-layout-flow\">\n<figure class=\"wp-block-image aligncenter size-full is-resized has-custom-border is-style-rounded is-style-rounded--5\"><a href=\"https:\/\/art-in-society.ffzg.unizg.hr\/?page_id=241\"><img loading=\"lazy\" decoding=\"async\" width=\"557\" height=\"560\" src=\"https:\/\/art-in-society.ffzg.unizg.hr\/wp-content\/uploads\/2024\/01\/Slika1-obrada.jpg\" alt=\"\" class=\"wp-image-2224\" style=\"border-style:none;border-width:0px;border-radius:7px;aspect-ratio:1;object-fit:cover;width:160px\" srcset=\"https:\/\/art-in-society.ffzg.unizg.hr\/wp-content\/uploads\/2024\/01\/Slika1-obrada.jpg 557w, https:\/\/art-in-society.ffzg.unizg.hr\/wp-content\/uploads\/2024\/01\/Slika1-obrada-298x300.jpg 298w, https:\/\/art-in-society.ffzg.unizg.hr\/wp-content\/uploads\/2024\/01\/Slika1-obrada-150x150.jpg 150w\" sizes=\"auto, (max-width: 557px) 100vw, 557px\" \/><\/a><\/figure>\n\n\n\n<div class=\"wp-block-group is-vertical is-content-justification-center is-nowrap is-layout-flex wp-container-core-group-is-layout-63bfd6c1 wp-block-group-is-layout-flex\">\n<p class=\"has-text-align-center has-small-font-size\"><strong>Julija Lozzi Barkovi\u0107<\/strong><\/p>\n\n\n\n<p class=\"has-text-align-center\" style=\"font-size:0.8rem\">Faculty of Humanities and Social Sciences, Rijeka<\/p>\n<\/div>\n<\/div>\n<\/div>\n\n\n\n<div class=\"wp-block-columns alignwide is-layout-flex wp-container-core-columns-is-layout-4935966c wp-block-columns-is-layout-flex\" style=\"padding-right:0;padding-left:0\">\n<div class=\"wp-block-column is-layout-flow wp-block-column-is-layout-flow\">\n<figure class=\"wp-block-image aligncenter size-full is-resized has-custom-border is-style-rounded wp-duotone-121212-ffffff-7 is-style-rounded--6\"><a href=\"https:\/\/art-in-society.ffzg.unizg.hr\/?page_id=105\"><img loading=\"lazy\" decoding=\"async\" width=\"299\" height=\"369\" src=\"https:\/\/art-in-society.ffzg.unizg.hr\/wp-content\/uploads\/2024\/01\/Lucevnjak.jpg\" alt=\"\" class=\"wp-image-2225\" style=\"border-radius:7px;aspect-ratio:1;object-fit:cover;width:160px\" srcset=\"https:\/\/art-in-society.ffzg.unizg.hr\/wp-content\/uploads\/2024\/01\/Lucevnjak.jpg 299w, https:\/\/art-in-society.ffzg.unizg.hr\/wp-content\/uploads\/2024\/01\/Lucevnjak-243x300.jpg 243w\" sizes=\"auto, (max-width: 299px) 100vw, 299px\" \/><\/a><\/figure>\n\n\n\n<div class=\"wp-block-group is-vertical is-content-justification-center is-nowrap is-layout-flex wp-container-core-group-is-layout-21d4e958 wp-block-group-is-layout-flex\">\n<p class=\"has-text-align-center has-small-font-size\"> <strong>Silvija Lu\u010devnjak<\/strong> <\/p>\n\n\n\n<p class=\"has-text-align-center\" style=\"font-size:0.8rem\">Na\u0161ice Local History Museum<\/p>\n<\/div>\n<\/div>\n\n\n\n<div class=\"wp-block-column is-layout-flow wp-block-column-is-layout-flow\">\n<figure class=\"wp-block-image aligncenter size-full is-resized has-custom-border is-style-rounded is-style-rounded--8\"><a href=\"https:\/\/art-in-society.ffzg.unizg.hr\/?page_id=144\"><img loading=\"lazy\" decoding=\"async\" width=\"474\" height=\"464\" src=\"https:\/\/art-in-society.ffzg.unizg.hr\/wp-content\/uploads\/2024\/01\/siva.jpg\" alt=\"\" class=\"wp-image-2229\" style=\"border-radius:7px;aspect-ratio:1;object-fit:cover;width:160px\" srcset=\"https:\/\/art-in-society.ffzg.unizg.hr\/wp-content\/uploads\/2024\/01\/siva.jpg 474w, https:\/\/art-in-society.ffzg.unizg.hr\/wp-content\/uploads\/2024\/01\/siva-300x294.jpg 300w\" sizes=\"auto, (max-width: 474px) 100vw, 474px\" \/><\/a><\/figure>\n\n\n\n<div class=\"wp-block-group is-vertical is-content-justification-center is-nowrap is-layout-flex wp-container-core-group-is-layout-63bfd6c1 wp-block-group-is-layout-flex\">\n<p class=\"has-text-align-center has-small-font-size\"> <strong>Lovorka Maga\u0161 Biland\u017ei\u0107<\/strong> <\/p>\n\n\n\n<p class=\"has-text-align-center\" style=\"font-size:0.8rem\">Faculty of Humanities and Social Sciences, Zagreb<\/p>\n<\/div>\n<\/div>\n\n\n\n<div class=\"wp-block-column is-layout-flow wp-block-column-is-layout-flow\">\n<figure class=\"wp-block-image aligncenter size-full is-resized has-custom-border is-style-rounded is-style-rounded--9\"><a href=\"https:\/\/art-in-society.ffzg.unizg.hr\/?page_id=155\"><img loading=\"lazy\" decoding=\"async\" width=\"474\" height=\"464\" src=\"https:\/\/art-in-society.ffzg.unizg.hr\/wp-content\/uploads\/2024\/01\/siva.jpg\" alt=\"\" class=\"wp-image-2229\" style=\"border-radius:7px;aspect-ratio:1;object-fit:cover;width:160px\" srcset=\"https:\/\/art-in-society.ffzg.unizg.hr\/wp-content\/uploads\/2024\/01\/siva.jpg 474w, https:\/\/art-in-society.ffzg.unizg.hr\/wp-content\/uploads\/2024\/01\/siva-300x294.jpg 300w\" sizes=\"auto, (max-width: 474px) 100vw, 474px\" \/><\/a><\/figure>\n\n\n\n<div class=\"wp-block-group is-vertical is-content-justification-center is-nowrap is-layout-flex wp-container-core-group-is-layout-63bfd6c1 wp-block-group-is-layout-flex\">\n<p class=\"has-text-align-center has-small-font-size\"> <strong>\u017deljka Miklo\u0161evi\u0107<\/strong><\/p>\n\n\n\n<p class=\"has-text-align-center\" style=\"font-size:0.8rem\">Faculty of Humanities and Social Sciences, Zagreb<\/p>\n<\/div>\n<\/div>\n\n\n\n<div class=\"wp-block-column is-layout-flow wp-block-column-is-layout-flow\">\n<figure class=\"wp-block-image aligncenter size-full is-resized has-custom-border is-style-rounded is-style-rounded--10\"><a href=\"https:\/\/art-in-society.ffzg.unizg.hr\/?page_id=53\" target=\"_blank\" rel=\"noreferrer noopener\"><img loading=\"lazy\" decoding=\"async\" width=\"442\" height=\"384\" src=\"https:\/\/art-in-society.ffzg.unizg.hr\/wp-content\/uploads\/2024\/09\/JNS_ARTinS-1.jpeg\" alt=\"\" class=\"wp-image-2570\" style=\"border-radius:7px;aspect-ratio:1;object-fit:cover;width:160px\" srcset=\"https:\/\/art-in-society.ffzg.unizg.hr\/wp-content\/uploads\/2024\/09\/JNS_ARTinS-1.jpeg 442w, https:\/\/art-in-society.ffzg.unizg.hr\/wp-content\/uploads\/2024\/09\/JNS_ARTinS-1-300x261.jpeg 300w\" sizes=\"auto, (max-width: 442px) 100vw, 442px\" \/><\/a><\/figure>\n\n\n\n<div class=\"wp-block-group is-vertical is-content-justification-center is-nowrap is-layout-flex wp-container-core-group-is-layout-21d4e958 wp-block-group-is-layout-flex\">\n<p class=\"has-text-align-center has-small-font-size\"> <strong>Jasminka Najcer Sabljak<\/strong> <\/p>\n\n\n\n<p class=\"has-text-align-center\" style=\"font-size:0.79rem\">The Academy of Arts and Culture in Osijek<\/p>\n<\/div>\n<\/div>\n\n\n\n<div class=\"wp-block-column is-layout-flow wp-block-column-is-layout-flow\">\n<figure class=\"wp-block-image aligncenter size-full is-resized has-custom-border is-style-rounded wp-duotone-unset-12 is-style-rounded--11\"><a href=\"https:\/\/art-in-society.ffzg.unizg.hr\/?page_id=212\"><img loading=\"lazy\" decoding=\"async\" width=\"2388\" height=\"2560\" src=\"https:\/\/art-in-society.ffzg.unizg.hr\/wp-content\/uploads\/2024\/02\/jasmina-scaled.jpg\" alt=\"\" class=\"wp-image-2322\" style=\"border-radius:7px;aspect-ratio:1;object-fit:cover;width:160px;height:auto\" srcset=\"https:\/\/art-in-society.ffzg.unizg.hr\/wp-content\/uploads\/2024\/02\/jasmina-scaled.jpg 2388w, https:\/\/art-in-society.ffzg.unizg.hr\/wp-content\/uploads\/2024\/02\/jasmina-280x300.jpg 280w, https:\/\/art-in-society.ffzg.unizg.hr\/wp-content\/uploads\/2024\/02\/jasmina-955x1024.jpg 955w, https:\/\/art-in-society.ffzg.unizg.hr\/wp-content\/uploads\/2024\/02\/jasmina-768x823.jpg 768w, https:\/\/art-in-society.ffzg.unizg.hr\/wp-content\/uploads\/2024\/02\/jasmina-1433x1536.jpg 1433w, https:\/\/art-in-society.ffzg.unizg.hr\/wp-content\/uploads\/2024\/02\/jasmina-1911x2048.jpg 1911w\" sizes=\"auto, (max-width: 2388px) 100vw, 2388px\" \/><\/a><\/figure>\n\n\n\n<div class=\"wp-block-group is-vertical is-content-justification-center is-nowrap is-layout-flex wp-container-core-group-is-layout-63bfd6c1 wp-block-group-is-layout-flex\">\n<p class=\"has-text-align-center has-small-font-size\"><strong>Jasmina Nesti\u0107<\/strong><\/p>\n\n\n\n<p class=\"has-text-align-center\" style=\"font-size:0.79rem\">Faculty of Humanities and Social Sciences, Zagreb<\/p>\n<\/div>\n<\/div>\n<\/div>\n\n\n\n<div class=\"wp-block-columns alignwide is-layout-flex wp-container-core-columns-is-layout-4935966c wp-block-columns-is-layout-flex\" style=\"padding-right:0;padding-left:0\">\n<div class=\"wp-block-column is-layout-flow wp-block-column-is-layout-flow\">\n<figure class=\"wp-block-image aligncenter size-full is-resized has-custom-border is-style-rounded is-style-rounded--13\"><a href=\"https:\/\/art-in-society.ffzg.unizg.hr\/?page_id=200\"><img loading=\"lazy\" decoding=\"async\" width=\"1920\" height=\"2560\" src=\"https:\/\/art-in-society.ffzg.unizg.hr\/wp-content\/uploads\/2024\/01\/Patricia_Portret-6-scaled.jpg\" alt=\"\" class=\"wp-image-965\" style=\"border-radius:7px;aspect-ratio:1;object-fit:cover;width:159px\" srcset=\"https:\/\/art-in-society.ffzg.unizg.hr\/wp-content\/uploads\/2024\/01\/Patricia_Portret-6-scaled.jpg 1920w, https:\/\/art-in-society.ffzg.unizg.hr\/wp-content\/uploads\/2024\/01\/Patricia_Portret-6-225x300.jpg 225w, https:\/\/art-in-society.ffzg.unizg.hr\/wp-content\/uploads\/2024\/01\/Patricia_Portret-6-768x1024.jpg 768w, https:\/\/art-in-society.ffzg.unizg.hr\/wp-content\/uploads\/2024\/01\/Patricia_Portret-6-1152x1536.jpg 1152w, https:\/\/art-in-society.ffzg.unizg.hr\/wp-content\/uploads\/2024\/01\/Patricia_Portret-6-1536x2048.jpg 1536w\" sizes=\"auto, (max-width: 1920px) 100vw, 1920px\" \/><\/a><\/figure>\n\n\n\n<div class=\"wp-block-group is-vertical is-content-justification-center is-nowrap is-layout-flex wp-container-core-group-is-layout-21d4e958 wp-block-group-is-layout-flex\">\n<p class=\"has-text-align-center has-small-font-size\"> <strong>Patricia Po\u010dani\u0107<\/strong><\/p>\n\n\n\n<p class=\"has-text-align-center\" style=\"font-size:0.8rem\">Faculty of Humanities and Social Sciences, Zagreb<\/p>\n<\/div>\n<\/div>\n\n\n\n<div class=\"wp-block-column is-layout-flow wp-block-column-is-layout-flow\">\n<figure class=\"wp-block-image aligncenter size-full is-resized has-custom-border is-style-rounded is-style-rounded--14\"><a href=\"https:\/\/art-in-society.ffzg.unizg.hr\/?page_id=238\"><img loading=\"lazy\" decoding=\"async\" width=\"474\" height=\"464\" src=\"https:\/\/art-in-society.ffzg.unizg.hr\/wp-content\/uploads\/2024\/01\/siva.jpg\" alt=\"\" class=\"wp-image-2229\" style=\"border-radius:6px;aspect-ratio:1;object-fit:cover;width:160px\" srcset=\"https:\/\/art-in-society.ffzg.unizg.hr\/wp-content\/uploads\/2024\/01\/siva.jpg 474w, https:\/\/art-in-society.ffzg.unizg.hr\/wp-content\/uploads\/2024\/01\/siva-300x294.jpg 300w\" sizes=\"auto, (max-width: 474px) 100vw, 474px\" \/><\/a><\/figure>\n\n\n\n<div class=\"wp-block-group is-vertical is-content-justification-center is-nowrap is-layout-flex wp-container-core-group-is-layout-63bfd6c1 wp-block-group-is-layout-flex\">\n<p class=\"has-text-align-center has-small-font-size\"><strong>Dalibor Pran\u010devi\u0107<\/strong> <\/p>\n\n\n\n<p class=\"has-text-align-center\" style=\"font-size:0.8rem\">Faculty of Humanities and Social Sciences, Split<\/p>\n<\/div>\n<\/div>\n\n\n\n<div class=\"wp-block-column is-layout-flow wp-block-column-is-layout-flow\">\n<figure class=\"wp-block-image aligncenter size-full is-resized has-custom-border is-style-rounded is-style-rounded--15\"><a href=\"https:\/\/art-in-society.ffzg.unizg.hr\/?page_id=593\"><img loading=\"lazy\" decoding=\"async\" width=\"1481\" height=\"1653\" src=\"https:\/\/art-in-society.ffzg.unizg.hr\/wp-content\/uploads\/2024\/01\/Zaja.jpg\" alt=\"\" class=\"wp-image-2228\" style=\"border-radius:7px;aspect-ratio:1;object-fit:cover;width:160px;height:auto\" srcset=\"https:\/\/art-in-society.ffzg.unizg.hr\/wp-content\/uploads\/2024\/01\/Zaja.jpg 1481w, https:\/\/art-in-society.ffzg.unizg.hr\/wp-content\/uploads\/2024\/01\/Zaja-269x300.jpg 269w, https:\/\/art-in-society.ffzg.unizg.hr\/wp-content\/uploads\/2024\/01\/Zaja-917x1024.jpg 917w, https:\/\/art-in-society.ffzg.unizg.hr\/wp-content\/uploads\/2024\/01\/Zaja-768x857.jpg 768w, https:\/\/art-in-society.ffzg.unizg.hr\/wp-content\/uploads\/2024\/01\/Zaja-1376x1536.jpg 1376w\" sizes=\"auto, (max-width: 1481px) 100vw, 1481px\" \/><\/a><\/figure>\n\n\n\n<div class=\"wp-block-group is-vertical is-content-justification-center is-nowrap is-layout-flex wp-container-core-group-is-layout-63bfd6c1 wp-block-group-is-layout-flex\">\n<p class=\"has-text-align-center has-small-font-size\"> <strong>Sanja \u017daja Vrbica<\/strong><\/p>\n\n\n\n<p class=\"has-text-align-center\" style=\"font-size:0.8rem\">Arts and Restoration Department, University of Dubrovnik<\/p>\n<\/div>\n<\/div>\n\n\n\n<div class=\"wp-block-column is-layout-flow wp-block-column-is-layout-flow\">\n<figure class=\"wp-block-image aligncenter size-large is-resized has-custom-border is-style-rounded wp-duotone-unset-17 is-style-rounded--16\"><a href=\"https:\/\/art-in-society.ffzg.unizg.hr\/?page_id=2911\"><img loading=\"lazy\" decoding=\"async\" width=\"768\" height=\"1024\" src=\"https:\/\/art-in-society.ffzg.unizg.hr\/wp-content\/uploads\/2026\/02\/profilna-1-768x1024.jpeg\" alt=\"\" class=\"wp-image-2902\" style=\"border-radius:7px;aspect-ratio:1;object-fit:cover;width:160px\" srcset=\"https:\/\/art-in-society.ffzg.unizg.hr\/wp-content\/uploads\/2026\/02\/profilna-1-768x1024.jpeg 768w, https:\/\/art-in-society.ffzg.unizg.hr\/wp-content\/uploads\/2026\/02\/profilna-1-225x300.jpeg 225w, https:\/\/art-in-society.ffzg.unizg.hr\/wp-content\/uploads\/2026\/02\/profilna-1-1152x1536.jpeg 1152w, https:\/\/art-in-society.ffzg.unizg.hr\/wp-content\/uploads\/2026\/02\/profilna-1.jpeg 1200w\" sizes=\"auto, (max-width: 768px) 100vw, 768px\" \/><\/a><\/figure>\n\n\n\n<div class=\"wp-block-group is-vertical is-content-justification-center is-nowrap is-layout-flex wp-container-core-group-is-layout-21d4e958 wp-block-group-is-layout-flex\">\n<div class=\"wp-block-group is-vertical is-content-justification-center is-nowrap is-layout-flex wp-container-core-group-is-layout-21d4e958 wp-block-group-is-layout-flex\">\n<p class=\"has-text-align-center has-small-font-size\"><strong>Ana-Marija Senfner<\/strong><\/p>\n\n\n\n<p class=\"has-text-align-center\" style=\"font-size:0.8rem\">Faculty of Humanities and Social Sciences, Zagreb<\/p>\n<\/div>\n\n\n\n<p class=\"has-text-align-center has-small-font-size\"><\/p>\n<\/div>\n<\/div>\n\n\n\n<div class=\"wp-block-column is-layout-flow wp-block-column-is-layout-flow\">\n<div class=\"wp-block-group is-vertical is-content-justification-center is-nowrap is-layout-flex wp-container-core-group-is-layout-63bfd6c1 wp-block-group-is-layout-flex\">\n<p class=\"has-text-align-center has-small-font-size\"><\/p>\n<\/div>\n<\/div>\n<\/div>\n<\/div>\n","protected":false},"excerpt":{"rendered":"<p>PROJECT TEAM Dragan Damjanovi\u0107 principal investigatorFaculty of Humanities and Social Sciences, Zagreb Josipa Alvi\u017e Faculty of Humanities and Social Sciences, Zagreb Lidija Butkovi\u0107 Mi\u0107in Department of Art History, University of Zadar Ivan Kokeza Croatian History Museum, Zagreb Julija Lozzi Barkovi\u0107 Faculty of Humanities and Social Sciences, Rijeka Silvija Lu\u010devnjak Na\u0161ice Local History Museum Lovorka Maga\u0161 [&hellip;]<\/p>\n","protected":false},"author":1,"featured_media":0,"parent":0,"menu_order":0,"comment_status":"closed","ping_status":"closed","template":"page-no-title","meta":{"footnotes":""},"class_list":["post-915","page","type-page","status-publish","hentry"],"jetpack_sharing_enabled":true,"_links":{"self":[{"href":"https:\/\/art-in-society.ffzg.unizg.hr\/index.php?rest_route=\/wp\/v2\/pages\/915","targetHints":{"allow":["GET"]}}],"collection":[{"href":"https:\/\/art-in-society.ffzg.unizg.hr\/index.php?rest_route=\/wp\/v2\/pages"}],"about":[{"href":"https:\/\/art-in-society.ffzg.unizg.hr\/index.php?rest_route=\/wp\/v2\/types\/page"}],"author":[{"embeddable":true,"href":"https:\/\/art-in-society.ffzg.unizg.hr\/index.php?rest_route=\/wp\/v2\/users\/1"}],"replies":[{"embeddable":true,"href":"https:\/\/art-in-society.ffzg.unizg.hr\/index.php?rest_route=%2Fwp%2Fv2%2Fcomments&post=915"}],"version-history":[{"count":120,"href":"https:\/\/art-in-society.ffzg.unizg.hr\/index.php?rest_route=\/wp\/v2\/pages\/915\/revisions"}],"predecessor-version":[{"id":2916,"href":"https:\/\/art-in-society.ffzg.unizg.hr\/index.php?rest_route=\/wp\/v2\/pages\/915\/revisions\/2916"}],"wp:attachment":[{"href":"https:\/\/art-in-society.ffzg.unizg.hr\/index.php?rest_route=%2Fwp%2Fv2%2Fmedia&parent=915"}],"curies":[{"name":"wp","href":"https:\/\/api.w.org\/{rel}","templated":true}]}}