{"id":977,"date":"2024-01-22T21:16:37","date_gmt":"2024-01-22T21:16:37","guid":{"rendered":"https:\/\/art-in-society.ffzg.unizg.hr\/?page_id=977"},"modified":"2024-02-12T09:43:43","modified_gmt":"2024-02-12T09:43:43","slug":"24-dragan-damjanovic","status":"publish","type":"page","link":"https:\/\/art-in-society.ffzg.unizg.hr\/?page_id=977","title":{"rendered":"Dragan Damjanovi\u0107"},"content":{"rendered":"\n<p><\/p>\n\n\n\n<div class=\"wp-block-columns is-layout-flex wp-container-core-columns-is-layout-28f84493 wp-block-columns-is-layout-flex\">\n<div class=\"wp-block-column is-layout-flow wp-block-column-is-layout-flow\" style=\"padding-top:var(--wp--preset--spacing--30);padding-bottom:var(--wp--preset--spacing--30);flex-basis:33.33%\">\n<figure class=\"wp-block-image aligncenter size-large is-resized has-custom-border\"><img loading=\"lazy\" decoding=\"async\" width=\"768\" height=\"1024\" src=\"https:\/\/art-in-society.ffzg.unizg.hr\/wp-content\/uploads\/2024\/01\/JKL03000-5-768x1024.jpg\" alt=\"\" class=\"wp-image-1265\" style=\"border-radius:5px;width:250px;height:auto\" srcset=\"https:\/\/art-in-society.ffzg.unizg.hr\/wp-content\/uploads\/2024\/01\/JKL03000-5-768x1024.jpg 768w, https:\/\/art-in-society.ffzg.unizg.hr\/wp-content\/uploads\/2024\/01\/JKL03000-5-225x300.jpg 225w, https:\/\/art-in-society.ffzg.unizg.hr\/wp-content\/uploads\/2024\/01\/JKL03000-5-1152x1536.jpg 1152w, https:\/\/art-in-society.ffzg.unizg.hr\/wp-content\/uploads\/2024\/01\/JKL03000-5-1536x2048.jpg 1536w, https:\/\/art-in-society.ffzg.unizg.hr\/wp-content\/uploads\/2024\/01\/JKL03000-5-scaled.jpg 1920w\" sizes=\"auto, (max-width: 768px) 100vw, 768px\" \/><\/figure>\n<\/div>\n\n\n\n<div class=\"wp-block-column is-layout-flow wp-block-column-is-layout-flow\" style=\"padding-top:var(--wp--preset--spacing--30);padding-bottom:var(--wp--preset--spacing--30);flex-basis:66.66%\">\n<p><\/p>\n\n\n\n<h2 class=\"wp-block-heading\" style=\"font-size:clamp(0.984rem, 0.984rem + ((1vw - 0.2rem) * 0.938), 1.5rem);\">Dragan Damjanovi\u0107<\/h2>\n\n\n\n<p>principal investigator<\/p>\n\n\n\n<p class=\"has-medium-font-size\" style=\"margin-top:0;margin-right:0;margin-bottom:0;margin-left:0\">PhD, full professor<\/p>\n\n\n\n<p class=\"has-medium-font-size\" style=\"margin-top:0;margin-right:0;margin-bottom:0;margin-left:0\"><a href=\"https:\/\/unios.academia.edu\/JasminkaNajcerSabljak\" data-type=\"link\" data-id=\"https:\/\/unios.academia.edu\/JasminkaNajcerSabljak\" target=\"_blank\" rel=\"noreferrer noopener\"><br><\/a><a href=\"https:\/\/povum.ffzg.unizg.hr\/?p=946\" target=\"_blank\" rel=\"noreferrer noopener\">Department of Art History<\/a>, Faculty of Humanities and Social Sciences, University of Zagreb<\/p>\n\n\n\n<p class=\"has-medium-font-size\" style=\"margin-top:0;margin-right:0;margin-bottom:0;margin-left:0\"><br><\/p>\n\n\n\n<p class=\"has-medium-font-size\" style=\"margin-top:0;margin-right:0;margin-bottom:0;margin-left:0\"><a href=\"mailto:ddamjano@ffzg.unizg.hr\">ddamjano@ffzg.unizg.hr<\/a><\/p>\n\n\n\n<p><\/p>\n\n\n\n<div class=\"wp-block-buttons is-layout-flex wp-block-buttons-is-layout-flex\">\n<div class=\"wp-block-button\"><a class=\"wp-block-button__link has-contrast-color has-accent-5-background-color has-text-color has-background has-link-color wp-element-button\" href=\"https:\/\/www.croris.hr\/osobe\/profil\/21907\" target=\"_blank\" rel=\"noreferrer noopener\"><strong>Bibliography<\/strong><\/a><\/div>\n\n\n\n<div class=\"wp-block-button\"><a class=\"wp-block-button__link has-contrast-color has-text-color has-background has-link-color wp-element-button\" href=\"https:\/\/ffzg.academia.edu\/DraganDamjanovic\" style=\"background-color:#e8ea7e\" target=\"_blank\" rel=\"noreferrer noopener\"><strong>Academia.edu<\/strong><\/a><\/div>\n<\/div>\n<\/div>\n<\/div>\n\n\n\n<p style=\"margin-top:0;margin-right:0;margin-bottom:0;margin-left:0\">Dragan Damjanovi\u0107 is a full professor at the Art History Department, Faculty of Humanities and Social Sciences, University of Zagreb.<\/p>\n\n\n\n<p style=\"margin-top:0;margin-right:0;margin-bottom:0;margin-left:0\">He was born in Osijek in 1978. After studying history and history of art in the Faculty of Humanities and Social Sciences at the University of Zagreb (1997-2002) he pursued his academic career at the same institution, at the Art History Department. In 2005 he obtained an MA degree with the thesis entitled Architect Fran Funtak and in 2007 earned a PhD degree after defending the thesis entitled \u0110akovo Cathedral. He was elected full professor in 2019. Since November 2012 he has held the position of Chair of Modern Art and Visual Communication.<\/p>\n\n\n\n<p>His main research interests are related to the history of Croatian and Central European art and architecture of the 19th and 20th century. He has published 19 books and numerous papers, curated exhibitions and organized congresses related to this subject. Most of his papers were published in Croatian. However, he has also published several papers in English in various journals (Centropa, Journal of the Society of Architectural Historians, Zeitschrift fur Kunstgeschichte, Architectura-Zeitschrift fur Geschichte der Baukunst, Um\u011bn\u00ed\/Art, Acta Historiae Artium, RIHA Journal) and in edited books.<\/p>\n\n\n\n<p>He independently curated several exhibitions: Viennese Academy of Fine Arts on Croatian 19th century architecture (Glyptotheque of the Croatian Academy of Arts and Sciences, Zagreb, 2011), Synagogues of Vukovar architect Fran Funtak (Jewish Community Gallery, Zagreb, 2014), Architect Herman Boll\u00e9 (Arts and Crafts Museum, Zagreb, 2015), and Otto Wagner and Croatian Architecture (Croatian Embassy in Vienna, Modern Gallery, Zagreb, Vienna, October \u2013 December, 2018). Furthermore he participated in the organization of the exhibitions: Slavonija, Baranja and Srijem (Klovi\u0107evi dvori Gallery, Zagreb, 2009), Expressionism in Croatia (Klovi\u0107evi dvori Gallery, Zagreb, 2011), Journey to Eternity (Klovi\u0107evi dvori Gallery, Zagreb, 2016), Ars et Virtus. Croatia &#8211; Hungary. 800 years of common heritage (coauthor, Zagreb-Budapest, 2020-2021).<\/p>\n\n\n\n<p>With his colleagues from the Faculty of Humanities and Social Sciences, he organized international conferences&nbsp;Art and Politics in Europe in the Modern Period&nbsp;(Zagreb, Croatia, 29 June \u2013 1 July 2016) and Art and the State in Modern Central Europe (18th \u2013 21st Century) (Zagreb, Croatia, 30 June \u2013 3 July 2021).<\/p>\n\n\n\n<p>On two occasions he was awarded the Ernst Mach Scholarship offered by the Austrian Agency for International Mobility and Cooperation in Education, Science and Research (\u00d6AD). The scholarship comprised a two-month study visit to Vienna (in October and November 2005 and in March and April 2008). Within the academic exchange programme he was on a one week research stays in Krakow\/Poland ( April 2012), P\u00e9cs\/Hungary (April 2013), Padua\/Italy (April 2014) and Warsaw\/Poland (April 2019).<\/p>\n\n\n\n<p>In spring 2002 he joined the European project Geschichte S\u00fcdosteuropas als europ\u00e4ische Geschichte (History of Southeast Europe as European History) headed by Prof. Holm Sundhaussen from the Institute for East-European Studies of the Free University in Berlin, and organized by the Stability Pact for South Eastern Europe. As part of the project, he spent two months (November and December 2004) at the Free University in Berlin.<\/p>\n\n\n\n<p>He headed projects&nbsp;Croatia and Central Europe: Art and Politics in the Late Modern Period (1780-1945)&nbsp;(2014 \u2013 2017) and Art and the State in Croatia from the Enlightenment to the Present (2017-2023), funded by Croatian Science Foundation.<\/p>\n\n\n\n<p>Currently, along with the Croatian Science Foundation project, he has been heading project&nbsp;Shaping (Post)Modern Life funded by the University of Zagreb.<\/p>\n\n\n\n<p>He was awarded with 6 national awards for his work, of which most important are: Croatian National Scientific Award (2006), Zagreb City Council Award (2015), and Croatian Academy of Sciences and Arts Annual Award (2016).<\/p>\n\n\n\n<p>Major works: Djakovo Cathedral, Zagreb, 2009; Architect Herman Boll\u00e9, Zagreb, 2015; Zagreb: Architectural Atlas, Zagreb, 2016; Otto Wagner und die kroatische Architektur, Zagreb, 2018; Art and Politics in the Modern Period (co-editor), Zagreb, 2019; Great Zagreb Earthquakes, Zagreb, 2021; Ars et Virtus. Croatia-Hungary: 800 Years Of Shared Cultural Heritage (coeditor), Zagreb, Budapest, 2020; Forging Architectural Tradition. National Narratives, Monument Preservation and Architectural Work in the Nineteenth Century (coeditor with Aleksander \u0141upienko), Berghahn, New York, Oxford, 2022.<\/p>\n","protected":false},"excerpt":{"rendered":"<p>Dragan Damjanovi\u0107 principal investigator PhD, full professor Department of Art History, Faculty of Humanities and Social Sciences, University of Zagreb ddamjano@ffzg.unizg.hr Dragan Damjanovi\u0107 is a full professor at the Art History Department, Faculty of Humanities and Social Sciences, University of Zagreb. He was born in Osijek in 1978. After studying history and history of art [&hellip;]<\/p>\n","protected":false},"author":1,"featured_media":0,"parent":0,"menu_order":-1,"comment_status":"closed","ping_status":"closed","template":"page-no-title","meta":{"footnotes":""},"class_list":["post-977","page","type-page","status-publish","hentry"],"jetpack_sharing_enabled":true,"_links":{"self":[{"href":"https:\/\/art-in-society.ffzg.unizg.hr\/index.php?rest_route=\/wp\/v2\/pages\/977","targetHints":{"allow":["GET"]}}],"collection":[{"href":"https:\/\/art-in-society.ffzg.unizg.hr\/index.php?rest_route=\/wp\/v2\/pages"}],"about":[{"href":"https:\/\/art-in-society.ffzg.unizg.hr\/index.php?rest_route=\/wp\/v2\/types\/page"}],"author":[{"embeddable":true,"href":"https:\/\/art-in-society.ffzg.unizg.hr\/index.php?rest_route=\/wp\/v2\/users\/1"}],"replies":[{"embeddable":true,"href":"https:\/\/art-in-society.ffzg.unizg.hr\/index.php?rest_route=%2Fwp%2Fv2%2Fcomments&post=977"}],"version-history":[{"count":37,"href":"https:\/\/art-in-society.ffzg.unizg.hr\/index.php?rest_route=\/wp\/v2\/pages\/977\/revisions"}],"predecessor-version":[{"id":2304,"href":"https:\/\/art-in-society.ffzg.unizg.hr\/index.php?rest_route=\/wp\/v2\/pages\/977\/revisions\/2304"}],"wp:attachment":[{"href":"https:\/\/art-in-society.ffzg.unizg.hr\/index.php?rest_route=%2Fwp%2Fv2%2Fmedia&parent=977"}],"curies":[{"name":"wp","href":"https:\/\/api.w.org\/{rel}","templated":true}]}}